{"id":3367,"date":"2025-02-20T14:50:27","date_gmt":"2025-02-20T12:50:27","guid":{"rendered":"https:\/\/joulumae.ee\/sihtasutus\/"},"modified":"2025-03-06T15:17:37","modified_gmt":"2025-03-06T13:17:37","slug":"foundation","status":"publish","type":"page","link":"https:\/\/joulumae.ee\/en\/foundation\/","title":{"rendered":"Foundation"},"content":{"rendered":"","protected":false},"excerpt":{"rendered":"","protected":false},"author":1,"featured_media":0,"parent":0,"menu_order":0,"comment_status":"closed","ping_status":"closed","template":"templates\/about-company.php","meta":{"_acf_changed":false,"footnotes":""},"class_list":["post-3367","page","type-page","status-publish","hentry","entry"],"acf":[],"yoast_head":"<!-- This site is optimized with the Yoast SEO plugin v27.2 - https:\/\/yoast.com\/product\/yoast-seo-wordpress\/ -->\n<title>Foundation - J&otilde;ulum&auml;e Tervisespordikeskus SA<\/title>\n<meta name=\"description\" content=\"J\u00f5ulum\u00e4e Recreational Sports Centre is managed by the J\u00f5ulum\u00e4e Recreational Sports Centre Foundation, established on April 17, 2008.\" \/>\n<meta name=\"robots\" content=\"index, follow, max-snippet:-1, max-image-preview:large, max-video-preview:-1\" \/>\n<link rel=\"canonical\" href=\"https:\/\/joulumae.ee\/en\/foundation\/\" \/>\n<meta property=\"og:locale\" content=\"en_US\" \/>\n<meta property=\"og:type\" content=\"article\" \/>\n<meta property=\"og:title\" content=\"Foundation - J&otilde;ulum&auml;e Tervisespordikeskus SA\" \/>\n<meta property=\"og:description\" content=\"J\u00f5ulum\u00e4e Recreational Sports Centre is managed by the J\u00f5ulum\u00e4e Recreational Sports Centre Foundation, established on April 17, 2008.\" \/>\n<meta property=\"og:url\" content=\"https:\/\/joulumae.ee\/en\/foundation\/\" \/>\n<meta property=\"og:site_name\" content=\"J&otilde;ulum&auml;e Tervisespordikeskus SA\" \/>\n<meta property=\"article:modified_time\" content=\"2025-03-06T13:17:37+00:00\" \/>\n<meta name=\"twitter:card\" content=\"summary_large_image\" \/>\n<meta name=\"twitter:label1\" content=\"Est. reading time\" \/>\n\t<meta name=\"twitter:data1\" content=\"1 minute\" \/>\n<script type=\"application\/ld+json\" class=\"yoast-schema-graph\">{\"@context\":\"https:\/\/schema.org\",\"@graph\":[{\"@type\":\"WebPage\",\"@id\":\"https:\/\/joulumae.ee\/en\/foundation\/\",\"url\":\"https:\/\/joulumae.ee\/en\/foundation\/\",\"name\":\"Foundation - J&otilde;ulum&auml;e Tervisespordikeskus SA\",\"isPartOf\":{\"@id\":\"https:\/\/joulumae.ee\/#website\"},\"datePublished\":\"2025-02-20T12:50:27+00:00\",\"dateModified\":\"2025-03-06T13:17:37+00:00\",\"description\":\"J\u00f5ulum\u00e4e Recreational Sports Centre is managed by the J\u00f5ulum\u00e4e Recreational Sports Centre Foundation, established on April 17, 2008.\",\"breadcrumb\":{\"@id\":\"https:\/\/joulumae.ee\/en\/foundation\/#breadcrumb\"},\"inLanguage\":\"en-US\",\"potentialAction\":[{\"@type\":\"ReadAction\",\"target\":[\"https:\/\/joulumae.ee\/en\/foundation\/\"]}]},{\"@type\":\"BreadcrumbList\",\"@id\":\"https:\/\/joulumae.ee\/en\/foundation\/#breadcrumb\",\"itemListElement\":[{\"@type\":\"ListItem\",\"position\":1,\"name\":\"Home\",\"item\":\"https:\/\/joulumae.ee\/en\/\"},{\"@type\":\"ListItem\",\"position\":2,\"name\":\"Foundation\"}]},{\"@type\":\"WebSite\",\"@id\":\"https:\/\/joulumae.ee\/#website\",\"url\":\"https:\/\/joulumae.ee\/\",\"name\":\"J&otilde;ulum&auml;e Tervisespordikeskus SA\",\"description\":\"Spordi ja vabaajakeskus, seminarid, suvep&auml;evad, spordi&uuml;ritused\",\"publisher\":{\"@id\":\"https:\/\/joulumae.ee\/#organization\"},\"potentialAction\":[{\"@type\":\"SearchAction\",\"target\":{\"@type\":\"EntryPoint\",\"urlTemplate\":\"https:\/\/joulumae.ee\/?s={search_term_string}\"},\"query-input\":{\"@type\":\"PropertyValueSpecification\",\"valueRequired\":true,\"valueName\":\"search_term_string\"}}],\"inLanguage\":\"en-US\"},{\"@type\":\"Organization\",\"@id\":\"https:\/\/joulumae.ee\/#organization\",\"name\":\"J&otilde;ulum&auml;e Tervisespordikeskus SA\",\"url\":\"https:\/\/joulumae.ee\/\",\"logo\":{\"@type\":\"ImageObject\",\"inLanguage\":\"en-US\",\"@id\":\"https:\/\/joulumae.ee\/#\/schema\/logo\/image\/\",\"url\":\"https:\/\/joulumae.ee\/wp-content\/uploads\/2025\/02\/logo.svg\",\"contentUrl\":\"https:\/\/joulumae.ee\/wp-content\/uploads\/2025\/02\/logo.svg\",\"caption\":\"J&otilde;ulum&auml;e Tervisespordikeskus SA\"},\"image\":{\"@id\":\"https:\/\/joulumae.ee\/#\/schema\/logo\/image\/\"}}]}<\/script>\n<!-- \/ Yoast SEO plugin. -->","yoast_head_json":{"title":"Foundation - J&otilde;ulum&auml;e Tervisespordikeskus SA","description":"J\u00f5ulum\u00e4e Recreational Sports Centre is managed by the J\u00f5ulum\u00e4e Recreational Sports Centre Foundation, established on April 17, 2008.","robots":{"index":"index","follow":"follow","max-snippet":"max-snippet:-1","max-image-preview":"max-image-preview:large","max-video-preview":"max-video-preview:-1"},"canonical":"https:\/\/joulumae.ee\/en\/foundation\/","og_locale":"en_US","og_type":"article","og_title":"Foundation - J&otilde;ulum&auml;e Tervisespordikeskus SA","og_description":"J\u00f5ulum\u00e4e Recreational Sports Centre is managed by the J\u00f5ulum\u00e4e Recreational Sports Centre Foundation, established on April 17, 2008.","og_url":"https:\/\/joulumae.ee\/en\/foundation\/","og_site_name":"J&otilde;ulum&auml;e Tervisespordikeskus SA","article_modified_time":"2025-03-06T13:17:37+00:00","twitter_card":"summary_large_image","twitter_misc":{"Est. reading time":"1 minute"},"schema":{"@context":"https:\/\/schema.org","@graph":[{"@type":"WebPage","@id":"https:\/\/joulumae.ee\/en\/foundation\/","url":"https:\/\/joulumae.ee\/en\/foundation\/","name":"Foundation - J&otilde;ulum&auml;e Tervisespordikeskus SA","isPartOf":{"@id":"https:\/\/joulumae.ee\/#website"},"datePublished":"2025-02-20T12:50:27+00:00","dateModified":"2025-03-06T13:17:37+00:00","description":"J\u00f5ulum\u00e4e Recreational Sports Centre is managed by the J\u00f5ulum\u00e4e Recreational Sports Centre Foundation, established on April 17, 2008.","breadcrumb":{"@id":"https:\/\/joulumae.ee\/en\/foundation\/#breadcrumb"},"inLanguage":"en-US","potentialAction":[{"@type":"ReadAction","target":["https:\/\/joulumae.ee\/en\/foundation\/"]}]},{"@type":"BreadcrumbList","@id":"https:\/\/joulumae.ee\/en\/foundation\/#breadcrumb","itemListElement":[{"@type":"ListItem","position":1,"name":"Home","item":"https:\/\/joulumae.ee\/en\/"},{"@type":"ListItem","position":2,"name":"Foundation"}]},{"@type":"WebSite","@id":"https:\/\/joulumae.ee\/#website","url":"https:\/\/joulumae.ee\/","name":"J&otilde;ulum&auml;e Tervisespordikeskus SA","description":"Spordi ja vabaajakeskus, seminarid, suvep&auml;evad, spordi&uuml;ritused","publisher":{"@id":"https:\/\/joulumae.ee\/#organization"},"potentialAction":[{"@type":"SearchAction","target":{"@type":"EntryPoint","urlTemplate":"https:\/\/joulumae.ee\/?s={search_term_string}"},"query-input":{"@type":"PropertyValueSpecification","valueRequired":true,"valueName":"search_term_string"}}],"inLanguage":"en-US"},{"@type":"Organization","@id":"https:\/\/joulumae.ee\/#organization","name":"J&otilde;ulum&auml;e Tervisespordikeskus SA","url":"https:\/\/joulumae.ee\/","logo":{"@type":"ImageObject","inLanguage":"en-US","@id":"https:\/\/joulumae.ee\/#\/schema\/logo\/image\/","url":"https:\/\/joulumae.ee\/wp-content\/uploads\/2025\/02\/logo.svg","contentUrl":"https:\/\/joulumae.ee\/wp-content\/uploads\/2025\/02\/logo.svg","caption":"J&otilde;ulum&auml;e Tervisespordikeskus SA"},"image":{"@id":"https:\/\/joulumae.ee\/#\/schema\/logo\/image\/"}}]}},"_links":{"self":[{"href":"https:\/\/joulumae.ee\/en\/wp-json\/wp\/v2\/pages\/3367","targetHints":{"allow":["GET"]}}],"collection":[{"href":"https:\/\/joulumae.ee\/en\/wp-json\/wp\/v2\/pages"}],"about":[{"href":"https:\/\/joulumae.ee\/en\/wp-json\/wp\/v2\/types\/page"}],"author":[{"embeddable":true,"href":"https:\/\/joulumae.ee\/en\/wp-json\/wp\/v2\/users\/1"}],"replies":[{"embeddable":true,"href":"https:\/\/joulumae.ee\/en\/wp-json\/wp\/v2\/comments?post=3367"}],"version-history":[{"count":11,"href":"https:\/\/joulumae.ee\/en\/wp-json\/wp\/v2\/pages\/3367\/revisions"}],"predecessor-version":[{"id":3857,"href":"https:\/\/joulumae.ee\/en\/wp-json\/wp\/v2\/pages\/3367\/revisions\/3857"}],"wp:attachment":[{"href":"https:\/\/joulumae.ee\/en\/wp-json\/wp\/v2\/media?parent=3367"}],"curies":[{"name":"wp","href":"https:\/\/api.w.org\/{rel}","templated":true}]}}