{"id":3405,"date":"2025-02-02T10:17:12","date_gmt":"2025-02-02T08:17:12","guid":{"rendered":"https:\/\/joulumae.ee\/paketid\/"},"modified":"2025-11-21T10:31:52","modified_gmt":"2025-11-21T08:31:52","slug":"offers","status":"publish","type":"page","link":"https:\/\/joulumae.ee\/en\/offers\/","title":{"rendered":"Offers"},"content":{"rendered":"","protected":false},"excerpt":{"rendered":"","protected":false},"author":1,"featured_media":6139,"parent":0,"menu_order":0,"comment_status":"closed","ping_status":"closed","template":"templates\/packages.php","meta":{"_acf_changed":false,"footnotes":""},"class_list":["post-3405","page","type-page","status-publish","has-post-thumbnail","hentry","entry"],"acf":[],"yoast_head":"<!-- This site is optimized with the Yoast SEO plugin v27.2 - https:\/\/yoast.com\/product\/yoast-seo-wordpress\/ -->\n<title>Offers - J&otilde;ulum&auml;e Tervisespordikeskus SA<\/title>\n<meta name=\"robots\" content=\"index, follow, max-snippet:-1, max-image-preview:large, max-video-preview:-1\" \/>\n<link rel=\"canonical\" href=\"https:\/\/joulumae.ee\/en\/offers\/\" \/>\n<meta property=\"og:locale\" content=\"en_US\" \/>\n<meta property=\"og:type\" content=\"article\" \/>\n<meta property=\"og:title\" content=\"Offers - J&otilde;ulum&auml;e Tervisespordikeskus SA\" \/>\n<meta property=\"og:url\" content=\"https:\/\/joulumae.ee\/en\/offers\/\" \/>\n<meta property=\"og:site_name\" content=\"J&otilde;ulum&auml;e Tervisespordikeskus SA\" \/>\n<meta property=\"article:modified_time\" content=\"2025-11-21T08:31:52+00:00\" \/>\n<meta property=\"og:image\" content=\"https:\/\/joulumae.ee\/wp-content\/uploads\/2025\/09\/joulumaedroon-16.jpg\" \/>\n\t<meta property=\"og:image:width\" content=\"1920\" \/>\n\t<meta property=\"og:image:height\" content=\"1279\" \/>\n\t<meta property=\"og:image:type\" content=\"image\/jpeg\" \/>\n<meta name=\"twitter:card\" content=\"summary_large_image\" \/>\n<meta name=\"twitter:label1\" content=\"Est. reading time\" \/>\n\t<meta name=\"twitter:data1\" content=\"1 minute\" \/>\n<script type=\"application\/ld+json\" class=\"yoast-schema-graph\">{\"@context\":\"https:\/\/schema.org\",\"@graph\":[{\"@type\":\"WebPage\",\"@id\":\"https:\/\/joulumae.ee\/en\/offers\/\",\"url\":\"https:\/\/joulumae.ee\/en\/offers\/\",\"name\":\"Offers - J&otilde;ulum&auml;e Tervisespordikeskus SA\",\"isPartOf\":{\"@id\":\"https:\/\/joulumae.ee\/#website\"},\"primaryImageOfPage\":{\"@id\":\"https:\/\/joulumae.ee\/en\/offers\/#primaryimage\"},\"image\":{\"@id\":\"https:\/\/joulumae.ee\/en\/offers\/#primaryimage\"},\"thumbnailUrl\":\"https:\/\/joulumae.ee\/wp-content\/uploads\/2025\/09\/joulumaedroon-16.jpg\",\"datePublished\":\"2025-02-02T08:17:12+00:00\",\"dateModified\":\"2025-11-21T08:31:52+00:00\",\"breadcrumb\":{\"@id\":\"https:\/\/joulumae.ee\/en\/offers\/#breadcrumb\"},\"inLanguage\":\"en-US\",\"potentialAction\":[{\"@type\":\"ReadAction\",\"target\":[\"https:\/\/joulumae.ee\/en\/offers\/\"]}]},{\"@type\":\"ImageObject\",\"inLanguage\":\"en-US\",\"@id\":\"https:\/\/joulumae.ee\/en\/offers\/#primaryimage\",\"url\":\"https:\/\/joulumae.ee\/wp-content\/uploads\/2025\/09\/joulumaedroon-16.jpg\",\"contentUrl\":\"https:\/\/joulumae.ee\/wp-content\/uploads\/2025\/09\/joulumaedroon-16.jpg\",\"width\":1920,\"height\":1279,\"caption\":\"J\u00f5ulum\u00e4e paketid on loodud selleks, et \u00fchendada liikumisr\u00f5\u00f5m, loodus ja hea seltskond. Siit leiad sobiva lahenduse nii kooliklassile, perele kui ka t\u00f6\u00f6kollektiivile \u2013 iga\u00fcks saab osa m\u00e4nnimetsa v\u00e4rskusest ja sportlikust energiast.\"},{\"@type\":\"BreadcrumbList\",\"@id\":\"https:\/\/joulumae.ee\/en\/offers\/#breadcrumb\",\"itemListElement\":[{\"@type\":\"ListItem\",\"position\":1,\"name\":\"Home\",\"item\":\"https:\/\/joulumae.ee\/en\/\"},{\"@type\":\"ListItem\",\"position\":2,\"name\":\"Offers\"}]},{\"@type\":\"WebSite\",\"@id\":\"https:\/\/joulumae.ee\/#website\",\"url\":\"https:\/\/joulumae.ee\/\",\"name\":\"J&otilde;ulum&auml;e Tervisespordikeskus SA\",\"description\":\"Spordi ja vabaajakeskus, seminarid, suvep&auml;evad, spordi&uuml;ritused\",\"publisher\":{\"@id\":\"https:\/\/joulumae.ee\/#organization\"},\"potentialAction\":[{\"@type\":\"SearchAction\",\"target\":{\"@type\":\"EntryPoint\",\"urlTemplate\":\"https:\/\/joulumae.ee\/?s={search_term_string}\"},\"query-input\":{\"@type\":\"PropertyValueSpecification\",\"valueRequired\":true,\"valueName\":\"search_term_string\"}}],\"inLanguage\":\"en-US\"},{\"@type\":\"Organization\",\"@id\":\"https:\/\/joulumae.ee\/#organization\",\"name\":\"J&otilde;ulum&auml;e Tervisespordikeskus SA\",\"url\":\"https:\/\/joulumae.ee\/\",\"logo\":{\"@type\":\"ImageObject\",\"inLanguage\":\"en-US\",\"@id\":\"https:\/\/joulumae.ee\/#\/schema\/logo\/image\/\",\"url\":\"https:\/\/joulumae.ee\/wp-content\/uploads\/2025\/02\/logo.svg\",\"contentUrl\":\"https:\/\/joulumae.ee\/wp-content\/uploads\/2025\/02\/logo.svg\",\"caption\":\"J&otilde;ulum&auml;e Tervisespordikeskus SA\"},\"image\":{\"@id\":\"https:\/\/joulumae.ee\/#\/schema\/logo\/image\/\"}}]}<\/script>\n<!-- \/ Yoast SEO plugin. -->","yoast_head_json":{"title":"Offers - J&otilde;ulum&auml;e Tervisespordikeskus SA","robots":{"index":"index","follow":"follow","max-snippet":"max-snippet:-1","max-image-preview":"max-image-preview:large","max-video-preview":"max-video-preview:-1"},"canonical":"https:\/\/joulumae.ee\/en\/offers\/","og_locale":"en_US","og_type":"article","og_title":"Offers - J&otilde;ulum&auml;e Tervisespordikeskus SA","og_url":"https:\/\/joulumae.ee\/en\/offers\/","og_site_name":"J&otilde;ulum&auml;e Tervisespordikeskus SA","article_modified_time":"2025-11-21T08:31:52+00:00","og_image":[{"width":1920,"height":1279,"url":"https:\/\/joulumae.ee\/wp-content\/uploads\/2025\/09\/joulumaedroon-16.jpg","type":"image\/jpeg"}],"twitter_card":"summary_large_image","twitter_misc":{"Est. reading time":"1 minute"},"schema":{"@context":"https:\/\/schema.org","@graph":[{"@type":"WebPage","@id":"https:\/\/joulumae.ee\/en\/offers\/","url":"https:\/\/joulumae.ee\/en\/offers\/","name":"Offers - J&otilde;ulum&auml;e Tervisespordikeskus SA","isPartOf":{"@id":"https:\/\/joulumae.ee\/#website"},"primaryImageOfPage":{"@id":"https:\/\/joulumae.ee\/en\/offers\/#primaryimage"},"image":{"@id":"https:\/\/joulumae.ee\/en\/offers\/#primaryimage"},"thumbnailUrl":"https:\/\/joulumae.ee\/wp-content\/uploads\/2025\/09\/joulumaedroon-16.jpg","datePublished":"2025-02-02T08:17:12+00:00","dateModified":"2025-11-21T08:31:52+00:00","breadcrumb":{"@id":"https:\/\/joulumae.ee\/en\/offers\/#breadcrumb"},"inLanguage":"en-US","potentialAction":[{"@type":"ReadAction","target":["https:\/\/joulumae.ee\/en\/offers\/"]}]},{"@type":"ImageObject","inLanguage":"en-US","@id":"https:\/\/joulumae.ee\/en\/offers\/#primaryimage","url":"https:\/\/joulumae.ee\/wp-content\/uploads\/2025\/09\/joulumaedroon-16.jpg","contentUrl":"https:\/\/joulumae.ee\/wp-content\/uploads\/2025\/09\/joulumaedroon-16.jpg","width":1920,"height":1279,"caption":"J\u00f5ulum\u00e4e paketid on loodud selleks, et \u00fchendada liikumisr\u00f5\u00f5m, loodus ja hea seltskond. Siit leiad sobiva lahenduse nii kooliklassile, perele kui ka t\u00f6\u00f6kollektiivile \u2013 iga\u00fcks saab osa m\u00e4nnimetsa v\u00e4rskusest ja sportlikust energiast."},{"@type":"BreadcrumbList","@id":"https:\/\/joulumae.ee\/en\/offers\/#breadcrumb","itemListElement":[{"@type":"ListItem","position":1,"name":"Home","item":"https:\/\/joulumae.ee\/en\/"},{"@type":"ListItem","position":2,"name":"Offers"}]},{"@type":"WebSite","@id":"https:\/\/joulumae.ee\/#website","url":"https:\/\/joulumae.ee\/","name":"J&otilde;ulum&auml;e Tervisespordikeskus SA","description":"Spordi ja vabaajakeskus, seminarid, suvep&auml;evad, spordi&uuml;ritused","publisher":{"@id":"https:\/\/joulumae.ee\/#organization"},"potentialAction":[{"@type":"SearchAction","target":{"@type":"EntryPoint","urlTemplate":"https:\/\/joulumae.ee\/?s={search_term_string}"},"query-input":{"@type":"PropertyValueSpecification","valueRequired":true,"valueName":"search_term_string"}}],"inLanguage":"en-US"},{"@type":"Organization","@id":"https:\/\/joulumae.ee\/#organization","name":"J&otilde;ulum&auml;e Tervisespordikeskus SA","url":"https:\/\/joulumae.ee\/","logo":{"@type":"ImageObject","inLanguage":"en-US","@id":"https:\/\/joulumae.ee\/#\/schema\/logo\/image\/","url":"https:\/\/joulumae.ee\/wp-content\/uploads\/2025\/02\/logo.svg","contentUrl":"https:\/\/joulumae.ee\/wp-content\/uploads\/2025\/02\/logo.svg","caption":"J&otilde;ulum&auml;e Tervisespordikeskus SA"},"image":{"@id":"https:\/\/joulumae.ee\/#\/schema\/logo\/image\/"}}]}},"_links":{"self":[{"href":"https:\/\/joulumae.ee\/en\/wp-json\/wp\/v2\/pages\/3405","targetHints":{"allow":["GET"]}}],"collection":[{"href":"https:\/\/joulumae.ee\/en\/wp-json\/wp\/v2\/pages"}],"about":[{"href":"https:\/\/joulumae.ee\/en\/wp-json\/wp\/v2\/types\/page"}],"author":[{"embeddable":true,"href":"https:\/\/joulumae.ee\/en\/wp-json\/wp\/v2\/users\/1"}],"replies":[{"embeddable":true,"href":"https:\/\/joulumae.ee\/en\/wp-json\/wp\/v2\/comments?post=3405"}],"version-history":[{"count":6,"href":"https:\/\/joulumae.ee\/en\/wp-json\/wp\/v2\/pages\/3405\/revisions"}],"predecessor-version":[{"id":6533,"href":"https:\/\/joulumae.ee\/en\/wp-json\/wp\/v2\/pages\/3405\/revisions\/6533"}],"wp:featuredmedia":[{"embeddable":true,"href":"https:\/\/joulumae.ee\/en\/wp-json\/wp\/v2\/media\/6139"}],"wp:attachment":[{"href":"https:\/\/joulumae.ee\/en\/wp-json\/wp\/v2\/media?parent=3405"}],"curies":[{"name":"wp","href":"https:\/\/api.w.org\/{rel}","templated":true}]}}