{"id":4369,"date":"2025-03-26T15:08:14","date_gmt":"2025-03-26T13:08:14","guid":{"rendered":"https:\/\/joulumae.ee\/?page_id=4369"},"modified":"2026-03-05T11:51:39","modified_gmt":"2026-03-05T09:51:39","slug":"celebrate-your-birthday-the-active-way-at-joulumae","status":"publish","type":"page","link":"https:\/\/joulumae.ee\/en\/celebrate-your-birthday-the-active-way-at-joulumae\/","title":{"rendered":"Celebrate Your Birthday the active way at J\u00f5ulum\u00e4e!"},"content":{"rendered":"","protected":false},"excerpt":{"rendered":"","protected":false},"author":4,"featured_media":2757,"parent":0,"menu_order":0,"comment_status":"closed","ping_status":"closed","template":"templates\/more-detail.php","meta":{"_acf_changed":false,"footnotes":""},"class_list":["post-4369","page","type-page","status-publish","has-post-thumbnail","hentry","entry"],"acf":[],"yoast_head":"<!-- This site is optimized with the Yoast SEO plugin v27.2 - https:\/\/yoast.com\/product\/yoast-seo-wordpress\/ -->\n<title>Celebrate Your Birthday the active way at J\u00f5ulum\u00e4e! - J&otilde;ulum&auml;e Tervisespordikeskus SA<\/title>\n<meta name=\"description\" content=\"Elevate your seminar or training day at J\u00f5ulum\u00e4e with our thoughtfully curated coffee breaks. Available for groups starting from 8 people.\" \/>\n<meta name=\"robots\" content=\"index, follow, max-snippet:-1, max-image-preview:large, max-video-preview:-1\" \/>\n<link rel=\"canonical\" href=\"https:\/\/joulumae.ee\/en\/celebrate-your-birthday-the-active-way-at-joulumae\/\" \/>\n<meta property=\"og:locale\" content=\"en_US\" \/>\n<meta property=\"og:type\" content=\"article\" \/>\n<meta property=\"og:title\" content=\"Celebrate Your Birthday the active way at J\u00f5ulum\u00e4e! - J&otilde;ulum&auml;e Tervisespordikeskus SA\" \/>\n<meta property=\"og:description\" content=\"Elevate your seminar or training day at J\u00f5ulum\u00e4e with our thoughtfully curated coffee breaks. Available for groups starting from 8 people.\" \/>\n<meta property=\"og:url\" content=\"https:\/\/joulumae.ee\/en\/celebrate-your-birthday-the-active-way-at-joulumae\/\" \/>\n<meta property=\"og:site_name\" content=\"J&otilde;ulum&auml;e Tervisespordikeskus SA\" \/>\n<meta property=\"article:modified_time\" content=\"2026-03-05T09:51:39+00:00\" \/>\n<meta property=\"og:image\" content=\"https:\/\/joulumae.ee\/wp-content\/uploads\/2025\/02\/liivahall-86.jpg\" \/>\n\t<meta property=\"og:image:width\" content=\"1920\" \/>\n\t<meta property=\"og:image:height\" content=\"1280\" \/>\n\t<meta property=\"og:image:type\" content=\"image\/jpeg\" \/>\n<meta name=\"twitter:card\" content=\"summary_large_image\" \/>\n<meta name=\"twitter:label1\" content=\"Est. reading time\" \/>\n\t<meta name=\"twitter:data1\" content=\"3 minutes\" \/>\n<script type=\"application\/ld+json\" class=\"yoast-schema-graph\">{\"@context\":\"https:\/\/schema.org\",\"@graph\":[{\"@type\":\"WebPage\",\"@id\":\"https:\/\/joulumae.ee\/en\/celebrate-your-birthday-the-active-way-at-joulumae\/\",\"url\":\"https:\/\/joulumae.ee\/en\/celebrate-your-birthday-the-active-way-at-joulumae\/\",\"name\":\"Celebrate Your Birthday the active way at J\u00f5ulum\u00e4e! - J&otilde;ulum&auml;e Tervisespordikeskus SA\",\"isPartOf\":{\"@id\":\"https:\/\/joulumae.ee\/#website\"},\"primaryImageOfPage\":{\"@id\":\"https:\/\/joulumae.ee\/en\/celebrate-your-birthday-the-active-way-at-joulumae\/#primaryimage\"},\"image\":{\"@id\":\"https:\/\/joulumae.ee\/en\/celebrate-your-birthday-the-active-way-at-joulumae\/#primaryimage\"},\"thumbnailUrl\":\"https:\/\/joulumae.ee\/wp-content\/uploads\/2025\/02\/liivahall-86.jpg\",\"datePublished\":\"2025-03-26T13:08:14+00:00\",\"dateModified\":\"2026-03-05T09:51:39+00:00\",\"description\":\"Elevate your seminar or training day at J\u00f5ulum\u00e4e with our thoughtfully curated coffee breaks. Available for groups starting from 8 people.\",\"breadcrumb\":{\"@id\":\"https:\/\/joulumae.ee\/en\/celebrate-your-birthday-the-active-way-at-joulumae\/#breadcrumb\"},\"inLanguage\":\"en-US\",\"potentialAction\":[{\"@type\":\"ReadAction\",\"target\":[\"https:\/\/joulumae.ee\/en\/celebrate-your-birthday-the-active-way-at-joulumae\/\"]}]},{\"@type\":\"ImageObject\",\"inLanguage\":\"en-US\",\"@id\":\"https:\/\/joulumae.ee\/en\/celebrate-your-birthday-the-active-way-at-joulumae\/#primaryimage\",\"url\":\"https:\/\/joulumae.ee\/wp-content\/uploads\/2025\/02\/liivahall-86.jpg\",\"contentUrl\":\"https:\/\/joulumae.ee\/wp-content\/uploads\/2025\/02\/liivahall-86.jpg\",\"width\":1920,\"height\":1280},{\"@type\":\"BreadcrumbList\",\"@id\":\"https:\/\/joulumae.ee\/en\/celebrate-your-birthday-the-active-way-at-joulumae\/#breadcrumb\",\"itemListElement\":[{\"@type\":\"ListItem\",\"position\":1,\"name\":\"Home\",\"item\":\"https:\/\/joulumae.ee\/en\/\"},{\"@type\":\"ListItem\",\"position\":2,\"name\":\"Celebrate Your Birthday the active way at J\u00f5ulum\u00e4e!\"}]},{\"@type\":\"WebSite\",\"@id\":\"https:\/\/joulumae.ee\/#website\",\"url\":\"https:\/\/joulumae.ee\/\",\"name\":\"J&otilde;ulum&auml;e Tervisespordikeskus SA\",\"description\":\"Spordi ja vabaajakeskus, seminarid, suvep&auml;evad, spordi&uuml;ritused\",\"publisher\":{\"@id\":\"https:\/\/joulumae.ee\/#organization\"},\"potentialAction\":[{\"@type\":\"SearchAction\",\"target\":{\"@type\":\"EntryPoint\",\"urlTemplate\":\"https:\/\/joulumae.ee\/?s={search_term_string}\"},\"query-input\":{\"@type\":\"PropertyValueSpecification\",\"valueRequired\":true,\"valueName\":\"search_term_string\"}}],\"inLanguage\":\"en-US\"},{\"@type\":\"Organization\",\"@id\":\"https:\/\/joulumae.ee\/#organization\",\"name\":\"J&otilde;ulum&auml;e Tervisespordikeskus SA\",\"url\":\"https:\/\/joulumae.ee\/\",\"logo\":{\"@type\":\"ImageObject\",\"inLanguage\":\"en-US\",\"@id\":\"https:\/\/joulumae.ee\/#\/schema\/logo\/image\/\",\"url\":\"https:\/\/joulumae.ee\/wp-content\/uploads\/2025\/02\/logo.svg\",\"contentUrl\":\"https:\/\/joulumae.ee\/wp-content\/uploads\/2025\/02\/logo.svg\",\"caption\":\"J&otilde;ulum&auml;e Tervisespordikeskus SA\"},\"image\":{\"@id\":\"https:\/\/joulumae.ee\/#\/schema\/logo\/image\/\"}}]}<\/script>\n<!-- \/ Yoast SEO plugin. -->","yoast_head_json":{"title":"Celebrate Your Birthday the active way at J\u00f5ulum\u00e4e! - J&otilde;ulum&auml;e Tervisespordikeskus SA","description":"Elevate your seminar or training day at J\u00f5ulum\u00e4e with our thoughtfully curated coffee breaks. Available for groups starting from 8 people.","robots":{"index":"index","follow":"follow","max-snippet":"max-snippet:-1","max-image-preview":"max-image-preview:large","max-video-preview":"max-video-preview:-1"},"canonical":"https:\/\/joulumae.ee\/en\/celebrate-your-birthday-the-active-way-at-joulumae\/","og_locale":"en_US","og_type":"article","og_title":"Celebrate Your Birthday the active way at J\u00f5ulum\u00e4e! - J&otilde;ulum&auml;e Tervisespordikeskus SA","og_description":"Elevate your seminar or training day at J\u00f5ulum\u00e4e with our thoughtfully curated coffee breaks. Available for groups starting from 8 people.","og_url":"https:\/\/joulumae.ee\/en\/celebrate-your-birthday-the-active-way-at-joulumae\/","og_site_name":"J&otilde;ulum&auml;e Tervisespordikeskus SA","article_modified_time":"2026-03-05T09:51:39+00:00","og_image":[{"width":1920,"height":1280,"url":"https:\/\/joulumae.ee\/wp-content\/uploads\/2025\/02\/liivahall-86.jpg","type":"image\/jpeg"}],"twitter_card":"summary_large_image","twitter_misc":{"Est. reading time":"3 minutes"},"schema":{"@context":"https:\/\/schema.org","@graph":[{"@type":"WebPage","@id":"https:\/\/joulumae.ee\/en\/celebrate-your-birthday-the-active-way-at-joulumae\/","url":"https:\/\/joulumae.ee\/en\/celebrate-your-birthday-the-active-way-at-joulumae\/","name":"Celebrate Your Birthday the active way at J\u00f5ulum\u00e4e! - J&otilde;ulum&auml;e Tervisespordikeskus SA","isPartOf":{"@id":"https:\/\/joulumae.ee\/#website"},"primaryImageOfPage":{"@id":"https:\/\/joulumae.ee\/en\/celebrate-your-birthday-the-active-way-at-joulumae\/#primaryimage"},"image":{"@id":"https:\/\/joulumae.ee\/en\/celebrate-your-birthday-the-active-way-at-joulumae\/#primaryimage"},"thumbnailUrl":"https:\/\/joulumae.ee\/wp-content\/uploads\/2025\/02\/liivahall-86.jpg","datePublished":"2025-03-26T13:08:14+00:00","dateModified":"2026-03-05T09:51:39+00:00","description":"Elevate your seminar or training day at J\u00f5ulum\u00e4e with our thoughtfully curated coffee breaks. Available for groups starting from 8 people.","breadcrumb":{"@id":"https:\/\/joulumae.ee\/en\/celebrate-your-birthday-the-active-way-at-joulumae\/#breadcrumb"},"inLanguage":"en-US","potentialAction":[{"@type":"ReadAction","target":["https:\/\/joulumae.ee\/en\/celebrate-your-birthday-the-active-way-at-joulumae\/"]}]},{"@type":"ImageObject","inLanguage":"en-US","@id":"https:\/\/joulumae.ee\/en\/celebrate-your-birthday-the-active-way-at-joulumae\/#primaryimage","url":"https:\/\/joulumae.ee\/wp-content\/uploads\/2025\/02\/liivahall-86.jpg","contentUrl":"https:\/\/joulumae.ee\/wp-content\/uploads\/2025\/02\/liivahall-86.jpg","width":1920,"height":1280},{"@type":"BreadcrumbList","@id":"https:\/\/joulumae.ee\/en\/celebrate-your-birthday-the-active-way-at-joulumae\/#breadcrumb","itemListElement":[{"@type":"ListItem","position":1,"name":"Home","item":"https:\/\/joulumae.ee\/en\/"},{"@type":"ListItem","position":2,"name":"Celebrate Your Birthday the active way at J\u00f5ulum\u00e4e!"}]},{"@type":"WebSite","@id":"https:\/\/joulumae.ee\/#website","url":"https:\/\/joulumae.ee\/","name":"J&otilde;ulum&auml;e Tervisespordikeskus SA","description":"Spordi ja vabaajakeskus, seminarid, suvep&auml;evad, spordi&uuml;ritused","publisher":{"@id":"https:\/\/joulumae.ee\/#organization"},"potentialAction":[{"@type":"SearchAction","target":{"@type":"EntryPoint","urlTemplate":"https:\/\/joulumae.ee\/?s={search_term_string}"},"query-input":{"@type":"PropertyValueSpecification","valueRequired":true,"valueName":"search_term_string"}}],"inLanguage":"en-US"},{"@type":"Organization","@id":"https:\/\/joulumae.ee\/#organization","name":"J&otilde;ulum&auml;e Tervisespordikeskus SA","url":"https:\/\/joulumae.ee\/","logo":{"@type":"ImageObject","inLanguage":"en-US","@id":"https:\/\/joulumae.ee\/#\/schema\/logo\/image\/","url":"https:\/\/joulumae.ee\/wp-content\/uploads\/2025\/02\/logo.svg","contentUrl":"https:\/\/joulumae.ee\/wp-content\/uploads\/2025\/02\/logo.svg","caption":"J&otilde;ulum&auml;e Tervisespordikeskus SA"},"image":{"@id":"https:\/\/joulumae.ee\/#\/schema\/logo\/image\/"}}]}},"_links":{"self":[{"href":"https:\/\/joulumae.ee\/en\/wp-json\/wp\/v2\/pages\/4369","targetHints":{"allow":["GET"]}}],"collection":[{"href":"https:\/\/joulumae.ee\/en\/wp-json\/wp\/v2\/pages"}],"about":[{"href":"https:\/\/joulumae.ee\/en\/wp-json\/wp\/v2\/types\/page"}],"author":[{"embeddable":true,"href":"https:\/\/joulumae.ee\/en\/wp-json\/wp\/v2\/users\/4"}],"replies":[{"embeddable":true,"href":"https:\/\/joulumae.ee\/en\/wp-json\/wp\/v2\/comments?post=4369"}],"version-history":[{"count":5,"href":"https:\/\/joulumae.ee\/en\/wp-json\/wp\/v2\/pages\/4369\/revisions"}],"predecessor-version":[{"id":7085,"href":"https:\/\/joulumae.ee\/en\/wp-json\/wp\/v2\/pages\/4369\/revisions\/7085"}],"wp:featuredmedia":[{"embeddable":true,"href":"https:\/\/joulumae.ee\/en\/wp-json\/wp\/v2\/media\/2757"}],"wp:attachment":[{"href":"https:\/\/joulumae.ee\/en\/wp-json\/wp\/v2\/media?parent=4369"}],"curies":[{"name":"wp","href":"https:\/\/api.w.org\/{rel}","templated":true}]}}